{"id":480,"date":"2026-02-02T17:22:08","date_gmt":"2026-02-02T17:22:08","guid":{"rendered":"https:\/\/solucionsturistiques.cat\/inicio\/"},"modified":"2026-02-16T09:31:12","modified_gmt":"2026-02-16T09:31:12","slug":"inicio","status":"publish","type":"page","link":"https:\/\/solucionsturistiques.cat\/es\/","title":{"rendered":"Inicio"},"content":{"rendered":"<p>[et_pb_section fb_built=\u00bb1&#8243; _builder_version=\u00bb4.27.5&#8243; _module_preset=\u00bbdefault\u00bb background_color=\u00bbRGBA(255,255,255,0)\u00bb background_image=\u00bbhttps:\/\/solucionsturistiques.cat\/wp-content\/uploads\/2026\/02\/enrico.jpg\u00bb background_blend=\u00bbdarken\u00bb custom_padding=\u00bb100px||400px||false|false\u00bb hover_enabled=\u00bb0&#8243; global_colors_info=\u00bb{}\u00bb custom_padding_last_edited=\u00bbon|phone\u00bb custom_padding_phone=\u00bb100px||200px||false|false\u00bb sticky_enabled=\u00bb0&#8243; custom_padding_tablet=\u00bb100px||400px||false|false\u00bb][et_pb_row _builder_version=\u00bb4.27.5&#8243; _module_preset=\u00bbdefault\u00bb width_tablet=\u00bb60%\u00bb width_phone=\u00bb80%\u00bb width_last_edited=\u00bbon|phone\u00bb global_colors_info=\u00bb{}\u00bb][et_pb_column type=\u00bb4_4&#8243; _builder_version=\u00bb4.27.5&#8243; _module_preset=\u00bbdefault\u00bb global_colors_info=\u00bb{}\u00bb][et_pb_text _builder_version=\u00bb4.27.5&#8243; _module_preset=\u00bbdefault\u00bb header_text_color=\u00bb#000000&#8243; header_font_size=\u00bb3rem\u00bb header_line_height=\u00bb1.3em\u00bb text_orientation=\u00bbcenter\u00bb hover_enabled=\u00bb0&#8243; global_colors_info=\u00bb{}\u00bb header_font_size_last_edited=\u00bbon|phone\u00bb header_font_size_phone=\u00bb2.2rem\u00bb sticky_enabled=\u00bb0&#8243; header_font_size_tablet=\u00bb3rem\u00bb]<\/p>\n<h1>Juntas, creamos destinos que inspiran<\/h1>\n<p>[\/et_pb_text][et_pb_text _builder_version=\u00bb4.27.5&#8243; _module_preset=\u00bbdefault\u00bb text_text_color=\u00bb#000000&#8243; text_font_size=\u00bb1.33rem\u00bb text_orientation=\u00bbcenter\u00bb custom_margin=\u00bb30px||40px||false|false\u00bb hover_enabled=\u00bb0&#8243; global_colors_info=\u00bb{}\u00bb text_font_size_last_edited=\u00bbon|phone\u00bb text_font_size_phone=\u00bb1.14rem\u00bb sticky_enabled=\u00bb0&#8243; text_font_size_tablet=\u00bb1.33rem\u00bb]<\/p>\n<p>Eva Esplugas &#8211; Solucions Tur\u00edstiques<\/p>\n<p>[\/et_pb_text][et_pb_button button_url=\u00bbhttps:\/\/solucionsturistiques.cat\/es\/servicios\/\u00bb button_text=\u00bbDescubre como te ayudo\u00bb button_alignment=\u00bbcenter\u00bb _builder_version=\u00bb4.27.5&#8243; _module_preset=\u00bbdefault\u00bb custom_button=\u00bbon\u00bb button_bg_color=\u00bbgcid-2782a6c0-5667-477e-bb91-b6b49870d1a1&#8243; button_border_color=\u00bbgcid-2782a6c0-5667-477e-bb91-b6b49870d1a1&#8243; button_border_radius=\u00bb0px\u00bb button_font=\u00bb&#8211;et_global_heading_font||||||||\u00bb button_icon=\u00bb&#x24;||divi||400&#8243; button_icon_color=\u00bb#000000&#8243; button_on_hover=\u00bboff\u00bb custom_padding=\u00bb20px|40px|20px|30px|false|false\u00bb global_colors_info=\u00bb{%22gcid-2782a6c0-5667-477e-bb91-b6b49870d1a1%22:%91%22button_bg_color%22,%22button_border_color%22%93}\u00bb][\/et_pb_button][\/et_pb_column][\/et_pb_row][\/et_pb_section][et_pb_section fb_built=\u00bb1&#8243; _builder_version=\u00bb4.27.5&#8243; _module_preset=\u00bbdefault\u00bb custom_padding=\u00bb||0px||false|false\u00bb global_colors_info=\u00bb{}\u00bb][et_pb_row column_structure=\u00bb1_2,1_2&#8243; _builder_version=\u00bb4.27.5&#8243; _module_preset=\u00bbdefault\u00bb custom_padding=\u00bb||0px||false|false\u00bb global_colors_info=\u00bb{}\u00bb][et_pb_column type=\u00bb1_2&#8243; _builder_version=\u00bb4.27.5&#8243; _module_preset=\u00bbdefault\u00bb global_colors_info=\u00bb{}\u00bb][et_pb_text _builder_version=\u00bb4.27.5&#8243; _module_preset=\u00bbdefault\u00bb header_2_font_size=\u00bb2.67rem\u00bb hover_enabled=\u00bb0&#8243; global_colors_info=\u00bb{}\u00bb header_2_font_size_last_edited=\u00bbon|phone\u00bb header_2_font_size_phone=\u00bb2rem\u00bb sticky_enabled=\u00bb0&#8243; header_2_font_size_tablet=\u00bb2.67rem\u00bb]<\/p>\n<h2>Transformamos visiones en experiencias tur\u00edsticas \u00fanicas<\/h2>\n<p>[\/et_pb_text][et_pb_text _builder_version=\u00bb4.27.5&#8243; _module_preset=\u00bbdefault\u00bb global_colors_info=\u00bb{}\u00bb]<\/p>\n<p>Soy Eva Esplugas, consultora tur\u00edstica con 19 a\u00f1os de experiencia acompa\u00f1ante destinos, empresas y profesionales del sector a crear proyectos con sentido, sostenibles y que conectan con las personas.<\/p>\n<p>Mi pasi\u00f3n es ayudarte a desarrollar estrategias que no solo funcionan, sino que inspiran y generan un impacto positivo real.<\/p>\n<p>[\/et_pb_text][et_pb_text module_class=\u00bbamb-fletxa salmo\u00bb _builder_version=\u00bb4.27.5&#8243; _module_preset=\u00bbdefault\u00bb locked=\u00bboff\u00bb global_colors_info=\u00bb{}\u00bb]<\/p>\n<p><a href=\"https:\/\/solucionsturistiques.cat\/es\/quien-soy\/\">Con\u00f3ceme mejor<\/a><\/p>\n<p>[\/et_pb_text][\/et_pb_column][et_pb_column type=\u00bb1_2&#8243; _builder_version=\u00bb4.27.5&#8243; _module_preset=\u00bbdefault\u00bb global_colors_info=\u00bb{}\u00bb][et_pb_image src=\u00bbhttps:\/\/solucionsturistiques.cat\/wp-content\/uploads\/2026\/02\/Transformem_2.png\u00bb alt=\u00bbTransformamos visiones\u00bb title_text=\u00bbTransformem_2&#8243; _builder_version=\u00bb4.27.5&#8243; _module_preset=\u00bbdefault\u00bb global_colors_info=\u00bb{}\u00bb][\/et_pb_image][\/et_pb_column][\/et_pb_row][\/et_pb_section][et_pb_section fb_built=\u00bb1&#8243; _builder_version=\u00bb4.27.5&#8243; _module_preset=\u00bbdefault\u00bb background_color=\u00bb#f9fafb\u00bb custom_padding=\u00bb100px||140px|||\u00bb hover_enabled=\u00bb0&#8243; global_colors_info=\u00bb{}\u00bb custom_padding_last_edited=\u00bbon|phone\u00bb custom_padding_phone=\u00bb50px||50px||false|false\u00bb sticky_enabled=\u00bb0&#8243; custom_padding_tablet=\u00bb100px||140px|||\u00bb][et_pb_row column_structure=\u00bb1_3,1_3,1_3&#8243; make_equal=\u00bbon\u00bb _builder_version=\u00bb4.27.5&#8243; _module_preset=\u00bbdefault\u00bb global_colors_info=\u00bb{}\u00bb][et_pb_column type=\u00bb1_3&#8243; _builder_version=\u00bb4.27.5&#8243; _module_preset=\u00bbdefault\u00bb background_color=\u00bb#FFFFFF\u00bb custom_padding=\u00bb50px|30px|50px|30px|false|false\u00bb box_shadow_style=\u00bbpreset3&#8243; global_colors_info=\u00bb{}\u00bb][et_pb_image src=\u00bbhttps:\/\/solucionsturistiques.cat\/wp-content\/uploads\/2026\/02\/bruixula.png\u00bb alt=\u00bbBr\u00fajula\u00bb title_text=\u00bbbruixula\u00bb _builder_version=\u00bb4.27.5&#8243; _module_preset=\u00bbdefault\u00bb width=\u00bb64px\u00bb global_colors_info=\u00bb{}\u00bb][\/et_pb_image][et_pb_text module_class=\u00bbhighlight-title-blau\u00bb _builder_version=\u00bb4.27.5&#8243; _module_preset=\u00bbdefault\u00bb header_3_font=\u00bb|600|||||||\u00bb header_3_font_size=\u00bb1.33rem\u00bb global_colors_info=\u00bb{}\u00bb]<\/p>\n<h3>Consultor\u00eda tur\u00edstica<\/h3>\n<p>[\/et_pb_text][et_pb_text _builder_version=\u00bb4.27.5&#8243; _module_preset=\u00bbdefault\u00bb global_colors_info=\u00bb{}\u00bb]Estrategia, desarrollo de producto, gesti\u00f3n de destinos, sostenibilidad e innovaci\u00f3n para impulsar tu proyecto tur\u00edstico.[\/et_pb_text][et_pb_text module_class=\u00bbamb-fletxa blau\u00bb _builder_version=\u00bb4.27.5&#8243; _module_preset=\u00bbdefault\u00bb global_colors_info=\u00bb{}\u00bb]<\/p>\n<p><a href=\"https:\/\/solucionsturistiques.cat\/es\/servicios\/#consultoria\">Ver consultor\u00eda<\/a><\/p>\n<p>[\/et_pb_text][\/et_pb_column][et_pb_column type=\u00bb1_3&#8243; _builder_version=\u00bb4.27.5&#8243; _module_preset=\u00bbdefault\u00bb background_color=\u00bb#FFFFFF\u00bb custom_padding=\u00bb50px|30px|50px|30px|false|false\u00bb box_shadow_style=\u00bbpreset3&#8243; global_colors_info=\u00bb{}\u00bb][et_pb_image src=\u00bbhttps:\/\/solucionsturistiques.cat\/wp-content\/uploads\/2026\/02\/megafon.png\u00bb alt=\u00bbMeg\u00e1fono\u00bb title_text=\u00bbmegafon\u00bb _builder_version=\u00bb4.27.5&#8243; _module_preset=\u00bbdefault\u00bb width=\u00bb64px\u00bb global_colors_info=\u00bb{}\u00bb][\/et_pb_image][et_pb_text module_class=\u00bbhighlight-title-salmo\u00bb _builder_version=\u00bb4.27.5&#8243; _module_preset=\u00bbdefault\u00bb header_3_font=\u00bb|600|||||||\u00bb header_3_font_size=\u00bb1.33rem\u00bb global_colors_info=\u00bb{}\u00bb]<\/p>\n<h3>Comunicaci\u00f3n y marketing<\/h3>\n<p>[\/et_pb_text][et_pb_text _builder_version=\u00bb4.27.5&#8243; _module_preset=\u00bbdefault\u00bb global_colors_info=\u00bb{}\u00bb]Definici\u00f3n de marca, creaci\u00f3n de contenido, gesti\u00f3n de redes sociales y campa\u00f1as promocionales que conectan con tu p\u00fablico.[\/et_pb_text][et_pb_text module_class=\u00bbamb-fletxa salmo\u00bb _builder_version=\u00bb4.27.5&#8243; _module_preset=\u00bbdefault\u00bb global_colors_info=\u00bb{}\u00bb]<\/p>\n<p><a href=\"https:\/\/solucionsturistiques.cat\/es\/servicios\/#comunicacio\">Ver comunicaci\u00f3n<\/a><\/p>\n<p>[\/et_pb_text][\/et_pb_column][et_pb_column type=\u00bb1_3&#8243; _builder_version=\u00bb4.27.5&#8243; _module_preset=\u00bbdefault\u00bb background_color=\u00bb#FFFFFF\u00bb custom_padding=\u00bb50px|30px|50px|30px|false|false\u00bb box_shadow_style=\u00bbpreset3&#8243; global_colors_info=\u00bb{}\u00bb][et_pb_image src=\u00bbhttps:\/\/solucionsturistiques.cat\/wp-content\/uploads\/2026\/02\/persones.png\u00bb alt=\u00bbPersonas\u00bb title_text=\u00bbpersones\u00bb _builder_version=\u00bb4.27.5&#8243; _module_preset=\u00bbdefault\u00bb width=\u00bb64px\u00bb global_colors_info=\u00bb{}\u00bb][\/et_pb_image][et_pb_text module_class=\u00bbhighlight-title-groc\u00bb _builder_version=\u00bb4.27.5&#8243; _module_preset=\u00bbdefault\u00bb header_3_font=\u00bb|600|||||||\u00bb header_3_font_size=\u00bb1.33rem\u00bb global_colors_info=\u00bb{}\u00bb]<\/p>\n<h3>Organizaci\u00f3n de encuentros<\/h3>\n<p>[\/et_pb_text][et_pb_text _builder_version=\u00bb4.27.5&#8243; _module_preset=\u00bbdefault\u00bb global_colors_info=\u00bb{}\u00bb]Acontecimientos, jornadas profesionales y networking que generan conexiones significativas y oportunidades de colaboraci\u00f3n.[\/et_pb_text][et_pb_text module_class=\u00bbamb-fletxa groc\u00bb _builder_version=\u00bb4.27.5&#8243; _module_preset=\u00bbdefault\u00bb global_colors_info=\u00bb{}\u00bb]<\/p>\n<p><a href=\"https:\/\/solucionsturistiques.cat\/es\/servicios\/#trobades\">Ver organizaci\u00f3n<\/a><\/p>\n<p>[\/et_pb_text][\/et_pb_column][\/et_pb_row][\/et_pb_section]<\/p>\n","protected":false},"excerpt":{"rendered":"<p>Juntas, creamos destinos que inspiranEva Esplugas &#8211; Solucions Tur\u00edstiquesTransformamos visiones en experiencias tur\u00edsticas \u00fanicasSoy Eva Esplugas, consultora tur\u00edstica con 19 a\u00f1os de experiencia acompa\u00f1ante destinos, empresas y profesionales del sector a crear proyectos con sentido, sostenibles y que conectan con las personas. Mi pasi\u00f3n es ayudarte a desarrollar estrategias que no solo funcionan, sino que [&hellip;]<\/p>\n","protected":false},"author":1,"featured_media":0,"parent":0,"menu_order":0,"comment_status":"closed","ping_status":"closed","template":"","meta":{"_et_pb_use_builder":"on","_et_pb_old_content":"","_et_gb_content_width":"","footnotes":""},"class_list":["post-480","page","type-page","status-publish","hentry"],"_links":{"self":[{"href":"https:\/\/solucionsturistiques.cat\/es\/wp-json\/wp\/v2\/pages\/480","targetHints":{"allow":["GET"]}}],"collection":[{"href":"https:\/\/solucionsturistiques.cat\/es\/wp-json\/wp\/v2\/pages"}],"about":[{"href":"https:\/\/solucionsturistiques.cat\/es\/wp-json\/wp\/v2\/types\/page"}],"author":[{"embeddable":true,"href":"https:\/\/solucionsturistiques.cat\/es\/wp-json\/wp\/v2\/users\/1"}],"replies":[{"embeddable":true,"href":"https:\/\/solucionsturistiques.cat\/es\/wp-json\/wp\/v2\/comments?post=480"}],"version-history":[{"count":4,"href":"https:\/\/solucionsturistiques.cat\/es\/wp-json\/wp\/v2\/pages\/480\/revisions"}],"predecessor-version":[{"id":523,"href":"https:\/\/solucionsturistiques.cat\/es\/wp-json\/wp\/v2\/pages\/480\/revisions\/523"}],"wp:attachment":[{"href":"https:\/\/solucionsturistiques.cat\/es\/wp-json\/wp\/v2\/media?parent=480"}],"curies":[{"name":"wp","href":"https:\/\/api.w.org\/{rel}","templated":true}]}}