{"id":494,"date":"2026-02-03T09:51:25","date_gmt":"2026-02-03T09:51:25","guid":{"rendered":"https:\/\/solucionsturistiques.cat\/quien-soy\/"},"modified":"2026-02-16T08:55:19","modified_gmt":"2026-02-16T08:55:19","slug":"quien-soy","status":"publish","type":"page","link":"https:\/\/solucionsturistiques.cat\/es\/quien-soy\/","title":{"rendered":"Qu\u00eden soy"},"content":{"rendered":"<p>[et_pb_section fb_built=\u00bb1&#8243; _builder_version=\u00bb4.27.5&#8243; _module_preset=\u00bbdefault\u00bb background_image=\u00bbhttps:\/\/solucionsturistiques.cat\/wp-content\/uploads\/2026\/02\/222.png\u00bb locked=\u00bboff\u00bb global_colors_info=\u00bb{}\u00bb][et_pb_row _builder_version=\u00bb4.27.5&#8243; _module_preset=\u00bbdefault\u00bb width=\u00bb50%\u00bb width_tablet=\u00bb50%\u00bb width_phone=\u00bb80%\u00bb width_last_edited=\u00bbon|desktop\u00bb global_colors_info=\u00bb{}\u00bb][et_pb_column type=\u00bb4_4&#8243; _builder_version=\u00bb4.27.5&#8243; _module_preset=\u00bbdefault\u00bb global_colors_info=\u00bb{}\u00bb][et_pb_text _builder_version=\u00bb4.27.5&#8243; _module_preset=\u00bbdefault\u00bb header_text_align=\u00bbcenter\u00bb header_font_size=\u00bb3rem\u00bb global_colors_info=\u00bb{}\u00bb]<\/p>\n<h1>Qu\u00eden soy<\/h1>\n<p>[\/et_pb_text][et_pb_text _builder_version=\u00bb4.27.5&#8243; _module_preset=\u00bbdefault\u00bb header_2_text_align=\u00bbcenter\u00bb header_2_font_size=\u00bb1.33rem\u00bb header_2_line_height=\u00bb1.4em\u00bb global_colors_info=\u00bb{}\u00bb]<\/p>\n<h2>Soy Eva Esplugas, consultora, asesora, gu\u00eda tur\u00edstica y una apasionada por el turismo.<\/h2>\n<p>[\/et_pb_text][\/et_pb_column][\/et_pb_row][\/et_pb_section][et_pb_section fb_built=\u00bb1&#8243; _builder_version=\u00bb4.27.5&#8243; _module_preset=\u00bbdefault\u00bb global_colors_info=\u00bb{}\u00bb][et_pb_row column_structure=\u00bb1_2,1_2&#8243; _builder_version=\u00bb4.27.5&#8243; _module_preset=\u00bbdefault\u00bb hover_enabled=\u00bb0&#8243; global_colors_info=\u00bb{}\u00bb use_custom_gutter=\u00bbon\u00bb gutter_width=\u00bb3&#8243; sticky_enabled=\u00bb0&#8243;][et_pb_column type=\u00bb1_2&#8243; _builder_version=\u00bb4.27.5&#8243; _module_preset=\u00bbdefault\u00bb global_colors_info=\u00bb{}\u00bb][et_pb_text _builder_version=\u00bb4.27.5&#8243; _module_preset=\u00bbdefault\u00bb global_colors_info=\u00bb{}\u00bb]Durando casi dos d\u00e9cadas, he tenido el privilegio de acompa\u00f1ar destinos tur\u00edsticos, empresas y profesionales a transformar sus ideas en realidades tangibles.<\/p>\n<p>Mi experiencia se extiende desde la gesti\u00f3n estrat\u00e9gica de destinos hasta la creaci\u00f3n de campa\u00f1as de comunicaci\u00f3n impactantes, siempre con un enfoque en la sostenibilidad, la inclusi\u00f3n y la innovaci\u00f3n.<\/p>\n<p>Creo firmemente que el turismo puede ser una fuerza positiva de cambio cuando se hace con conciencia, respeto y autenticidad. Por eso, cada proyecto que emprendo est\u00e1 dise\u00f1ado para crear valor real, tanto para los destinos como para las personas que las visitan.<\/p>\n<p>Mi objetivo es simple pero ambicioso: ayudarte a construir un turismo que inspira, emociona y perdura en el tiempo.[\/et_pb_text][\/et_pb_column][et_pb_column type=\u00bb1_2&#8243; _builder_version=\u00bb4.27.5&#8243; _module_preset=\u00bbdefault\u00bb global_colors_info=\u00bb{}\u00bb][et_pb_image src=\u00bbhttps:\/\/solucionsturistiques.cat\/wp-content\/uploads\/2026\/02\/eva-low.jpg\u00bb alt=\u00bbEva Esplugas\u00bb title_text=\u00bbeva-low\u00bb _builder_version=\u00bb4.27.5&#8243; _module_preset=\u00bbdefault\u00bb global_colors_info=\u00bb{}\u00bb][\/et_pb_image][\/et_pb_column][\/et_pb_row][\/et_pb_section][et_pb_section fb_built=\u00bb1&#8243; _builder_version=\u00bb4.27.5&#8243; _module_preset=\u00bbdefault\u00bb background_color=\u00bbgcid-86986554-786b-4e72-bc28-a90511ac5c6c\u00bb global_colors_info=\u00bb{%22gcid-86986554-786b-4e72-bc28-a90511ac5c6c%22:%91%22background_color%22%93}\u00bb custom_padding=\u00bb||140px|||\u00bb][et_pb_row _builder_version=\u00bb4.27.5&#8243; _module_preset=\u00bbdefault\u00bb global_colors_info=\u00bb{}\u00bb][et_pb_column type=\u00bb4_4&#8243; _builder_version=\u00bb4.27.5&#8243; _module_preset=\u00bbdefault\u00bb global_colors_info=\u00bb{}\u00bb][et_pb_text module_class=\u00bbhighlight-title-blau\u00bb _builder_version=\u00bb4.27.5&#8243; _module_preset=\u00bbdefault\u00bb header_3_font=\u00bb|600|||||||\u00bb header_3_text_align=\u00bbcenter\u00bb header_3_font_size=\u00bb2.66rem\u00bb global_colors_info=\u00bb{}\u00bb]<\/p>\n<h3>Mi ADN<\/h3>\n<p>[\/et_pb_text][\/et_pb_column][\/et_pb_row][et_pb_row column_structure=\u00bb1_2,1_2&#8243; make_equal=\u00bbon\u00bb _builder_version=\u00bb4.27.5&#8243; _module_preset=\u00bbdefault\u00bb global_colors_info=\u00bb{}\u00bb][et_pb_column type=\u00bb1_2&#8243; _builder_version=\u00bb4.27.5&#8243; _module_preset=\u00bbdefault\u00bb background_color=\u00bb#FFFFFF\u00bb custom_padding=\u00bb40px|40px|40px|40px|false|false\u00bb box_shadow_style=\u00bbpreset3&#8243; global_colors_info=\u00bb{}\u00bb][et_pb_image src=\u00bbhttps:\/\/solucionsturistiques.cat\/wp-content\/uploads\/2026\/02\/missio.png\u00bb alt=\u00bbMisi\u00f3n\u00bb title_text=\u00bbmisi\u00f3n\u00bb _builder_version=\u00bb4.27.5&#8243; _module_preset=\u00bbdefault\u00bb width=\u00bb64px\u00bb locked=\u00bboff\u00bb global_colors_info=\u00bb{}\u00bb][\/et_pb_image][et_pb_text _builder_version=\u00bb4.27.5&#8243; _module_preset=\u00bbdefault\u00bb header_4_font=\u00bb|600|||||||\u00bb header_4_font_size=\u00bb1.33rem\u00bb global_colors_info=\u00bb{}\u00bb]<\/p>\n<h4>Misi\u00f3n<\/h4>\n<p>[\/et_pb_text][et_pb_text _builder_version=\u00bb4.27.5&#8243; _module_preset=\u00bbdefault\u00bb global_colors_info=\u00bb{}\u00bb]Acompa\u00f1ar destinos, empresas y profesionales del sector tur\u00edstico en la creaci\u00f3n de proyectos sostenibles, innovadores y con impacto positivo que conecten con las personas y generen experiencias autenticas y memorables.[\/et_pb_text][\/et_pb_column][et_pb_column type=\u00bb1_2&#8243; _builder_version=\u00bb4.27.5&#8243; _module_preset=\u00bbdefault\u00bb background_color=\u00bbrgba(168,207,207,0.1)\u00bb custom_padding=\u00bb40px|40px|40px|40px|false|false\u00bb box_shadow_style=\u00bbpreset3&#8243; global_colors_info=\u00bb{}\u00bb][et_pb_image src=\u00bbhttps:\/\/solucionsturistiques.cat\/wp-content\/uploads\/2026\/02\/visio.png\u00bb alt=\u00bbVisi\u00f3\u00bb title_text=\u00bbvisi\u00f3n\u00bb _builder_version=\u00bb4.27.5&#8243; _module_preset=\u00bbdefault\u00bb width=\u00bb64px\u00bb locked=\u00bboff\u00bb global_colors_info=\u00bb{}\u00bb][\/et_pb_image][et_pb_text _builder_version=\u00bb4.27.5&#8243; _module_preset=\u00bbdefault\u00bb header_4_font=\u00bb|600|||||||\u00bb header_4_font_size=\u00bb1.33rem\u00bb global_colors_info=\u00bb{}\u00bb]<\/p>\n<h4>Visi\u00f3n<\/h4>\n<p>[\/et_pb_text][et_pb_text _builder_version=\u00bb4.27.5&#8243; _module_preset=\u00bbdefault\u00bb global_colors_info=\u00bb{}\u00bb]Ser referente en consultor\u00eda tur\u00edstica en Catalu\u00f1a, reconocida para impulsar un turismo responsable, accesible y que respeta tanto las comunidades locales como el medio ambiente, creando destinos que inspiran y transforman.[\/et_pb_text][\/et_pb_column][\/et_pb_row][et_pb_row column_structure=\u00bb1_2,1_2&#8243; make_equal=\u00bbon\u00bb _builder_version=\u00bb4.27.5&#8243; _module_preset=\u00bbdefault\u00bb custom_padding=\u00bb0px||||false|false\u00bb global_colors_info=\u00bb{}\u00bb][et_pb_column type=\u00bb1_2&#8243; _builder_version=\u00bb4.27.5&#8243; _module_preset=\u00bbdefault\u00bb background_color=\u00bbrgba(244,215,126,0.1)\u00bb custom_padding=\u00bb40px|40px|40px|40px|false|false\u00bb box_shadow_style=\u00bbpreset3&#8243; global_colors_info=\u00bb{}\u00bb][et_pb_image src=\u00bbhttps:\/\/solucionsturistiques.cat\/wp-content\/uploads\/2026\/02\/objectiu.png\u00bb alt=\u00bbMisi\u00f3n\u00bb title_text=\u00bbobjetivo\u00bb _builder_version=\u00bb4.27.5&#8243; _module_preset=\u00bbdefault\u00bb width=\u00bb64px\u00bb locked=\u00bboff\u00bb global_colors_info=\u00bb{}\u00bb][\/et_pb_image][et_pb_text _builder_version=\u00bb4.27.5&#8243; _module_preset=\u00bbdefault\u00bb header_4_font=\u00bb|600|||||||\u00bb header_4_font_size=\u00bb1.33rem\u00bb global_colors_info=\u00bb{}\u00bb]<\/p>\n<h4>Objetivo<\/h4>\n<p>[\/et_pb_text][et_pb_text _builder_version=\u00bb4.27.5&#8243; _module_preset=\u00bbdefault\u00bb global_colors_info=\u00bb{}\u00bb]Transformar visiones en realidades tangibles intermediando estrat\u00e9gias personalizadas, formaci\u00f3n de calidad y acompa\u00f1amiento continuado, asegurando que cada proyecto logre sus objetivos y genere un valor duradero para todas las partes implicadas.[\/et_pb_text][\/et_pb_column][et_pb_column type=\u00bb1_2&#8243; _builder_version=\u00bb4.27.5&#8243; _module_preset=\u00bbdefault\u00bb background_color=\u00bbrgba(200,200,216,0.1)\u00bb custom_padding=\u00bb40px|40px|40px|40px|false|false\u00bb box_shadow_style=\u00bbpreset3&#8243; global_colors_info=\u00bb{}\u00bb][et_pb_image src=\u00bbhttps:\/\/solucionsturistiques.cat\/wp-content\/uploads\/2026\/02\/valors.png\u00bb alt=\u00bbVisi\u00f3\u00bb title_text=\u00bbvalores\u00bb _builder_version=\u00bb4.27.5&#8243; _module_preset=\u00bbdefault\u00bb width=\u00bb64px\u00bb locked=\u00bboff\u00bb global_colors_info=\u00bb{}\u00bb][\/et_pb_image][et_pb_text _builder_version=\u00bb4.27.5&#8243; _module_preset=\u00bbdefault\u00bb header_4_font=\u00bb|600|||||||\u00bb header_4_font_size=\u00bb1.33rem\u00bb global_colors_info=\u00bb{}\u00bb]<\/p>\n<h4>Visi\u00f3n<\/h4>\n<p>[\/et_pb_text][et_pb_text _builder_version=\u00bb4.27.5&#8243; _module_preset=\u00bbdefault\u00bb global_colors_info=\u00bb{}\u00bb]Ser referente en consultor\u00eda tur\u00edstica en Catalu\u00f1a, reconocida para impulsar un turismo responsable, accesible y que respeta tanto las comunidades locales como el medio ambiente, creando destinos que inspiran y transforman.[\/et_pb_text][\/et_pb_column][\/et_pb_row][\/et_pb_section][et_pb_section fb_built=\u00bb1&#8243; _builder_version=\u00bb4.27.5&#8243; _module_preset=\u00bbdefault\u00bb global_colors_info=\u00bb{}\u00bb custom_padding=\u00bb||140px|||\u00bb][et_pb_row _builder_version=\u00bb4.27.5&#8243; _module_preset=\u00bbdefault\u00bb locked=\u00bboff\u00bb global_colors_info=\u00bb{}\u00bb][et_pb_column type=\u00bb4_4&#8243; _builder_version=\u00bb4.27.5&#8243; _module_preset=\u00bbdefault\u00bb global_colors_info=\u00bb{}\u00bb][et_pb_text module_class=\u00bbhighlight-title-salmo\u00bb _builder_version=\u00bb4.27.5&#8243; _module_preset=\u00bbdefault\u00bb header_3_font=\u00bb|600|||||||\u00bb header_3_text_align=\u00bbcenter\u00bb header_3_font_size=\u00bb2.66rem\u00bb global_colors_info=\u00bb{}\u00bb]<\/p>\n<h3>Qu\u00e9 ofrezco<\/h3>\n<p>[\/et_pb_text][\/et_pb_column][\/et_pb_row][et_pb_row column_structure=\u00bb1_4,1_4,1_4,1_4&#8243; _builder_version=\u00bb4.27.5&#8243; _module_preset=\u00bbdefault\u00bb global_colors_info=\u00bb{}\u00bb][et_pb_column type=\u00bb1_4&#8243; _builder_version=\u00bb4.27.5&#8243; _module_preset=\u00bbdefault\u00bb global_colors_info=\u00bb{}\u00bb][et_pb_blurb title=\u00bbSoluciones a medida\u00bb image=\u00bbhttps:\/\/solucionsturistiques.cat\/wp-content\/uploads\/2026\/02\/custom.png\u00bb alt=\u00bbPersonalizado\u00bb icon_placement=\u00bbleft\u00bb _builder_version=\u00bb4.27.5&#8243; _module_preset=\u00bbdefault\u00bb header_font=\u00bb|600|||||||\u00bb header_line_height=\u00bb1.4em\u00bb body_font_size=\u00bb0.88rem\u00bb body_line_height=\u00bb1.6em\u00bb animation=\u00bboff\u00bb global_colors_info=\u00bb{}\u00bb]<\/p>\n<p>Cada destino y cada empresa es \u00fanica. Adapto tus necesidades a la realidad del proyecto.<\/p>\n<p>[\/et_pb_blurb][\/et_pb_column][et_pb_column type=\u00bb1_4&#8243; _builder_version=\u00bb4.27.5&#8243; _module_preset=\u00bbdefault\u00bb global_colors_info=\u00bb{}\u00bb][et_pb_blurb title=\u00bbExperiencia y conocimiento del sector\u00bb image=\u00bbhttps:\/\/solucionsturistiques.cat\/wp-content\/uploads\/2026\/02\/experiencia.png\u00bb alt=\u00bbPersonalizada\u00bb icon_placement=\u00bbleft\u00bb _builder_version=\u00bb4.27.5&#8243; _module_preset=\u00bbdefault\u00bb header_font=\u00bb|600|||||||\u00bb header_line_height=\u00bb1.4em\u00bb body_font_size=\u00bb0.88rem\u00bb body_line_height=\u00bb1.6em\u00bb animation=\u00bboff\u00bb global_colors_info=\u00bb{}\u00bb]<\/p>\n<p>Con dos d\u00e9cadas de experiencia puedo entender las necesidades del sector p\u00fablico y del sector<br \/>privado, as\u00ed como las motivaciones de los visitantes.<\/p>\n<p>[\/et_pb_blurb][\/et_pb_column][et_pb_column type=\u00bb1_4&#8243; _builder_version=\u00bb4.27.5&#8243; _module_preset=\u00bbdefault\u00bb global_colors_info=\u00bb{}\u00bb][et_pb_blurb title=\u00bbSostenibilidad y accesibilidad real\u00bb image=\u00bbhttps:\/\/solucionsturistiques.cat\/wp-content\/uploads\/2026\/02\/sostenible.png\u00bb alt=\u00bbSostenible\u00bb icon_placement=\u00bbleft\u00bb _builder_version=\u00bb4.27.5&#8243; _module_preset=\u00bbdefault\u00bb header_font=\u00bb|600|||||||\u00bb header_line_height=\u00bb1.4em\u00bb body_font_size=\u00bb0.88rem\u00bb body_line_height=\u00bb1.6em\u00bb animation=\u00bboff\u00bb global_colors_info=\u00bb{}\u00bb]<\/p>\n<p>Ser\u00e1n los ejes principales de las propuestas que te haga, porque hay que generar impacto positivo en el presente, pero pensando en el futuro del planeta.<\/p>\n<p>[\/et_pb_blurb][\/et_pb_column][et_pb_column type=\u00bb1_4&#8243; _builder_version=\u00bb4.27.5&#8243; _module_preset=\u00bbdefault\u00bb global_colors_info=\u00bb{}\u00bb][et_pb_blurb title=\u00bbColaboraci\u00f3n directa y enfoque a resultados\u00bb image=\u00bbhttps:\/\/solucionsturistiques.cat\/wp-content\/uploads\/2026\/02\/persones2.png\u00bb alt=\u00bbColaboraci\u00f3n\u00bb icon_placement=\u00bbleft\u00bb _builder_version=\u00bb4.27.5&#8243; _module_preset=\u00bbdefault\u00bb header_font=\u00bb|600|||||||\u00bb header_line_height=\u00bb1.4em\u00bb body_font_size=\u00bb0.88rem\u00bb body_line_height=\u00bb1.6em\u00bb animation=\u00bboff\u00bb global_colors_info=\u00bb{}\u00bb]<\/p>\n<p>El trabajo conjunto y el fomento de pr\u00e1cticas de colaboraci\u00f3n p\u00fablico privada son b\u00e1sicos para el<br \/> desarrollo tur\u00edstico y generar un impacto positivo.<\/p>\n<p>[\/et_pb_blurb][\/et_pb_column][\/et_pb_row][\/et_pb_section]<\/p>\n","protected":false},"excerpt":{"rendered":"<p>Qu\u00eden soySoy Eva Esplugas, consultora, asesora, gu\u00eda tur\u00edstica y una apasionada por el turismo.Durando casi dos d\u00e9cadas, he tenido el privilegio de acompa\u00f1ar destinos tur\u00edsticos, empresas y profesionales a transformar sus ideas en realidades tangibles. Mi experiencia se extiende desde la gesti\u00f3n estrat\u00e9gica de destinos hasta la creaci\u00f3n de campa\u00f1as de comunicaci\u00f3n impactantes, siempre con [&hellip;]<\/p>\n","protected":false},"author":1,"featured_media":0,"parent":0,"menu_order":0,"comment_status":"closed","ping_status":"closed","template":"","meta":{"_et_pb_use_builder":"on","_et_pb_old_content":"","_et_gb_content_width":"","footnotes":""},"class_list":["post-494","page","type-page","status-publish","hentry"],"_links":{"self":[{"href":"https:\/\/solucionsturistiques.cat\/es\/wp-json\/wp\/v2\/pages\/494","targetHints":{"allow":["GET"]}}],"collection":[{"href":"https:\/\/solucionsturistiques.cat\/es\/wp-json\/wp\/v2\/pages"}],"about":[{"href":"https:\/\/solucionsturistiques.cat\/es\/wp-json\/wp\/v2\/types\/page"}],"author":[{"embeddable":true,"href":"https:\/\/solucionsturistiques.cat\/es\/wp-json\/wp\/v2\/users\/1"}],"replies":[{"embeddable":true,"href":"https:\/\/solucionsturistiques.cat\/es\/wp-json\/wp\/v2\/comments?post=494"}],"version-history":[{"count":4,"href":"https:\/\/solucionsturistiques.cat\/es\/wp-json\/wp\/v2\/pages\/494\/revisions"}],"predecessor-version":[{"id":499,"href":"https:\/\/solucionsturistiques.cat\/es\/wp-json\/wp\/v2\/pages\/494\/revisions\/499"}],"wp:attachment":[{"href":"https:\/\/solucionsturistiques.cat\/es\/wp-json\/wp\/v2\/media?parent=494"}],"curies":[{"name":"wp","href":"https:\/\/api.w.org\/{rel}","templated":true}]}}