{"id":554,"date":"2025-12-14T12:17:11","date_gmt":"2025-12-14T12:17:11","guid":{"rendered":"https:\/\/solucionsturistiques.cat\/?page_id=554"},"modified":"2026-02-16T17:25:01","modified_gmt":"2026-02-16T17:25:01","slug":"politica-privacidad","status":"publish","type":"page","link":"https:\/\/solucionsturistiques.cat\/es\/politica-privacidad\/","title":{"rendered":"Pol\u00edtica Privacidad"},"content":{"rendered":"<p>[et_pb_section fb_built=\u00bb1&#8243; _builder_version=\u00bb4.27.5&#8243; _module_preset=\u00bbdefault\u00bb background_image=\u00bbhttps:\/\/solucionsturistiques.cat\/wp-content\/uploads\/2026\/02\/222.png\u00bb locked=\u00bboff\u00bb global_colors_info=\u00bb{}\u00bb][et_pb_row _builder_version=\u00bb4.27.5&#8243; _module_preset=\u00bbdefault\u00bb width=\u00bb50%\u00bb width_tablet=\u00bb50%\u00bb width_phone=\u00bb80%\u00bb width_last_edited=\u00bbon|desktop\u00bb global_colors_info=\u00bb{}\u00bb][et_pb_column type=\u00bb4_4&#8243; _builder_version=\u00bb4.27.5&#8243; _module_preset=\u00bbdefault\u00bb global_colors_info=\u00bb{}\u00bb][et_pb_text _builder_version=\u00bb4.27.5&#8243; _module_preset=\u00bbdefault\u00bb header_text_align=\u00bbcenter\u00bb header_font_size=\u00bb3rem\u00bb hover_enabled=\u00bb0&#8243; global_colors_info=\u00bb{}\u00bb sticky_enabled=\u00bb0&#8243;]<\/p>\n<h1>Pol\u00edtica de Privacidad<\/h1>\n<p>[\/et_pb_text][\/et_pb_column][\/et_pb_row][\/et_pb_section][et_pb_section fb_built=\u00bb1&#8243; admin_label=\u00bbsection\u00bb _builder_version=\u00bb4.16&#8243; global_colors_info=\u00bb{}\u00bb][et_pb_row admin_label=\u00bbrow\u00bb _builder_version=\u00bb4.16&#8243; background_size=\u00bbinitial\u00bb background_position=\u00bbtop_left\u00bb background_repeat=\u00bbrepeat\u00bb global_colors_info=\u00bb{}\u00bb][et_pb_column type=\u00bb4_4&#8243; _builder_version=\u00bb4.16&#8243; custom_padding=\u00bb|||\u00bb global_colors_info=\u00bb{}\u00bb custom_padding__hover=\u00bb|||\u00bb][et_pb_text admin_label=\u00bbText\u00bb _builder_version=\u00bb4.27.5&#8243; background_size=\u00bbinitial\u00bb background_position=\u00bbtop_left\u00bb background_repeat=\u00bbrepeat\u00bb global_colors_info=\u00bb{}\u00bb]<\/p>\n<h3>1. Responsable del Tratamiento<\/h3>\n<p>La responsable del tratamiento de tus datos personales recogidos a trav\u00e9s de este sitio web es:<\/p>\n<ul>\n<li><strong>Identidad:<\/strong> Eva Esplugas<\/li>\n<li><strong>Email:<\/strong> eva@solucionsturistiques.cat<\/li>\n<\/ul>\n<h3>2. Finalidad del Tratamiento<\/h3>\n<p>En esta web tratamos la informaci\u00f3n que nos facilitan las personas interesadas con el fin de:<\/p>\n<ol>\n<li><strong>Gestionar y responder a las consultas<\/strong> o solicitudes de informaci\u00f3n enviadas a trav\u00e9s del formulario de contacto.<\/li>\n<li><strong>Enviar propuestas de colaboraci\u00f3n o presupuestos<\/strong> si as\u00ed lo solicita el usuario en su mensaje.<\/li>\n<\/ol>\n<p><strong>No<\/strong> elaboraremos perfiles comerciales ni tomaremos decisiones automatizadas basadas en tus datos.<\/p>\n<h3>3. Legitimaci\u00f3n<\/h3>\n<p>La base legal para el tratamiento de tus datos es el<br \/><strong>consentimiento del interesado<\/strong>.<br \/>Al marcar la casilla de aceptaci\u00f3n en el formulario de contacto, nos das permiso expreso para utilizar tus datos con las finalidades descritas.<\/p>\n<h3>4. Plazo de Conservaci\u00f3n de los Datos<\/h3>\n<p>Tus datos personales se conservar\u00e1n:<\/p>\n<ul>\n<li>Durante el tiempo necesario para atender tu consulta.<\/li>\n<li>Si se inicia una relaci\u00f3n comercial, mientras dure dicha relaci\u00f3n.<\/li>\n<li>Hasta que solicites su supresi\u00f3n o ejerzas tu derecho de cancelaci\u00f3n.<\/li>\n<\/ul>\n<h3>5. Destinatarios<\/h3>\n<p>Tus datos <strong>no se ceder\u00e1n a terceros<\/strong>, salvo que exista una obligaci\u00f3n legal o sea necesario para la prestaci\u00f3n del servicio de consultor\u00eda solicitado (por ejemplo, gestores administrativos si llegamos a formalizar un contrato).<\/p>\n<h3>6. Tus Derechos<\/h3>\n<p>Como titular de los datos, tienes derecho a obtener confirmaci\u00f3n sobre si Eva Esplugas est\u00e1 tratando tus datos personales. Puedes ejercer los siguientes derechos:<\/p>\n<ul>\n<li><strong>Acceso:<\/strong> Saber qu\u00e9 datos tenemos de ti.<\/li>\n<li><strong>Rectificaci\u00f3n:<\/strong> Corregir datos inexactos.<\/li>\n<li><strong>Supresi\u00f3n:<\/strong> Solicitar que eliminemos tus datos (derecho al olvido).<\/li>\n<li><strong>Limitaci\u00f3n y Oposici\u00f3n:<\/strong> Oponerte al uso de tus datos para fines espec\u00edficos.<\/li>\n<\/ul>\n<p>Para ejercer estos derechos, solo tienes que enviar un correo electr\u00f3nico a<br \/>eva@solucionsturistiques.cat adjuntando una copia de tu DNI o documento identificativo similar para que podamos verificar tu identidad.<\/p>\n<h3>7. Procedencia de los Datos<\/h3>\n<p>Los datos personales que tratamos proceden directamente de la informaci\u00f3n que t\u00fa mismo\/a introduces en el formulario de contacto de esta web.<\/p>\n<p>[\/et_pb_text][\/et_pb_column][\/et_pb_row][\/et_pb_section]<\/p>\n","protected":false},"excerpt":{"rendered":"<p>Pol\u00edtica de Privacidad1. Responsable del Tratamiento La responsable del tratamiento de tus datos personales recogidos a trav\u00e9s de este sitio web es: Identidad: Eva Esplugas Email: eva@solucionsturistiques.cat 2. Finalidad del Tratamiento En esta web tratamos la informaci\u00f3n que nos facilitan las personas interesadas con el fin de: Gestionar y responder a las consultas o solicitudes [&hellip;]<\/p>\n","protected":false},"author":1,"featured_media":0,"parent":0,"menu_order":0,"comment_status":"closed","ping_status":"open","template":"","meta":{"_et_pb_use_builder":"on","_et_pb_old_content":"<h2 class=\"wp-block-heading\">Who we are<\/h2>\r\n\r\n\r\n<p><strong class=\"privacy-policy-tutorial\">Suggested text: <\/strong>Our website address is: https:\/\/solucionsturistiques.cat.<\/p>\r\n\r\n\r\n<h2 class=\"wp-block-heading\">Comments<\/h2>\r\n\r\n\r\n<p><strong class=\"privacy-policy-tutorial\">Suggested text: <\/strong>When visitors leave comments on the site we collect the data shown in the comments form, and also the visitor\u2019s IP address and browser user agent string to help spam detection.<\/p>\r\n\r\n\r\n<p>An anonymized string created from your email address (also called a hash) may be provided to the Gravatar service to see if you are using it. The Gravatar service privacy policy is available here: https:\/\/automattic.com\/privacy\/. After approval of your comment, your profile picture is visible to the public in the context of your comment.<\/p>\r\n\r\n\r\n<h2 class=\"wp-block-heading\">Media<\/h2>\r\n\r\n\r\n<p><strong class=\"privacy-policy-tutorial\">Suggested text: <\/strong>If you upload images to the website, you should avoid uploading images with embedded location data (EXIF GPS) included. Visitors to the website can download and extract any location data from images on the website.<\/p>\r\n\r\n\r\n<h2 class=\"wp-block-heading\">Cookies<\/h2>\r\n\r\n\r\n<p><strong class=\"privacy-policy-tutorial\">Suggested text: <\/strong>If you leave a comment on our site you may opt-in to saving your name, email address and website in cookies. These are for your convenience so that you do not have to fill in your details again when you leave another comment. These cookies will last for one year.<\/p>\r\n\r\n\r\n<p>If you visit our login page, we will set a temporary cookie to determine if your browser accepts cookies. This cookie contains no personal data and is discarded when you close your browser.<\/p>\r\n\r\n\r\n<p>When you log in, we will also set up several cookies to save your login information and your screen display choices. Login cookies last for two days, and screen options cookies last for a year. If you select \"Remember Me\", your login will persist for two weeks. If you log out of your account, the login cookies will be removed.<\/p>\r\n\r\n\r\n<p>If you edit or publish an article, an additional cookie will be saved in your browser. This cookie includes no personal data and simply indicates the post ID of the article you just edited. It expires after 1 day.<\/p>\r\n\r\n\r\n<h2 class=\"wp-block-heading\">Embedded content from other websites<\/h2>\r\n\r\n\r\n<p><strong class=\"privacy-policy-tutorial\">Suggested text: <\/strong>Articles on this site may include embedded content (e.g. videos, images, articles, etc.). Embedded content from other websites behaves in the exact same way as if the visitor has visited the other website.<\/p>\r\n\r\n\r\n<p>These websites may collect data about you, use cookies, embed additional third-party tracking, and monitor your interaction with that embedded content, including tracking your interaction with the embedded content if you have an account and are logged in to that website.<\/p>\r\n\r\n\r\n<h2 class=\"wp-block-heading\">Who we share your data with<\/h2>\r\n\r\n\r\n<p><strong class=\"privacy-policy-tutorial\">Suggested text: <\/strong>If you request a password reset, your IP address will be included in the reset email.<\/p>\r\n\r\n\r\n<h2 class=\"wp-block-heading\">How long we retain your data<\/h2>\r\n\r\n\r\n<p><strong class=\"privacy-policy-tutorial\">Suggested text: <\/strong>If you leave a comment, the comment and its metadata are retained indefinitely. This is so we can recognize and approve any follow-up comments automatically instead of holding them in a moderation queue.<\/p>\r\n\r\n\r\n<p>For users that register on our website (if any), we also store the personal information they provide in their user profile. All users can see, edit, or delete their personal information at any time (except they cannot change their username). Website administrators can also see and edit that information.<\/p>\r\n\r\n\r\n<h2 class=\"wp-block-heading\">What rights you have over your data<\/h2>\r\n\r\n\r\n<p><strong class=\"privacy-policy-tutorial\">Suggested text: <\/strong>If you have an account on this site, or have left comments, you can request to receive an exported file of the personal data we hold about you, including any data you have provided to us. You can also request that we erase any personal data we hold about you. This does not include any data we are obliged to keep for administrative, legal, or security purposes.<\/p>\r\n\r\n\r\n<h2 class=\"wp-block-heading\">Where your data is sent<\/h2>\r\n\r\n\r\n<p><strong class=\"privacy-policy-tutorial\">Suggested text: <\/strong>Visitor comments may be checked through an automated spam detection service.<\/p>","_et_gb_content_width":"","footnotes":""},"class_list":["post-554","page","type-page","status-publish","hentry"],"_links":{"self":[{"href":"https:\/\/solucionsturistiques.cat\/es\/wp-json\/wp\/v2\/pages\/554","targetHints":{"allow":["GET"]}}],"collection":[{"href":"https:\/\/solucionsturistiques.cat\/es\/wp-json\/wp\/v2\/pages"}],"about":[{"href":"https:\/\/solucionsturistiques.cat\/es\/wp-json\/wp\/v2\/types\/page"}],"author":[{"embeddable":true,"href":"https:\/\/solucionsturistiques.cat\/es\/wp-json\/wp\/v2\/users\/1"}],"replies":[{"embeddable":true,"href":"https:\/\/solucionsturistiques.cat\/es\/wp-json\/wp\/v2\/comments?post=554"}],"version-history":[{"count":7,"href":"https:\/\/solucionsturistiques.cat\/es\/wp-json\/wp\/v2\/pages\/554\/revisions"}],"predecessor-version":[{"id":606,"href":"https:\/\/solucionsturistiques.cat\/es\/wp-json\/wp\/v2\/pages\/554\/revisions\/606"}],"wp:attachment":[{"href":"https:\/\/solucionsturistiques.cat\/es\/wp-json\/wp\/v2\/media?parent=554"}],"curies":[{"name":"wp","href":"https:\/\/api.w.org\/{rel}","templated":true}]}}