{"id":561,"date":"2026-02-16T11:49:36","date_gmt":"2026-02-16T11:49:36","guid":{"rendered":"https:\/\/solucionsturistiques.cat\/?page_id=561"},"modified":"2026-02-16T17:26:12","modified_gmt":"2026-02-16T17:26:12","slug":"aviso-legal","status":"publish","type":"page","link":"https:\/\/solucionsturistiques.cat\/es\/aviso-legal\/","title":{"rendered":"Aviso Legal y Condiciones de Uso"},"content":{"rendered":"<p>[et_pb_section fb_built=\u00bb1&#8243; _builder_version=\u00bb4.27.5&#8243; _module_preset=\u00bbdefault\u00bb background_image=\u00bbhttps:\/\/solucionsturistiques.cat\/wp-content\/uploads\/2026\/02\/222.png\u00bb locked=\u00bboff\u00bb global_colors_info=\u00bb{}\u00bb][et_pb_row _builder_version=\u00bb4.27.5&#8243; _module_preset=\u00bbdefault\u00bb width=\u00bb50%\u00bb width_tablet=\u00bb50%\u00bb width_phone=\u00bb80%\u00bb width_last_edited=\u00bbon|desktop\u00bb global_colors_info=\u00bb{}\u00bb][et_pb_column type=\u00bb4_4&#8243; _builder_version=\u00bb4.27.5&#8243; _module_preset=\u00bbdefault\u00bb global_colors_info=\u00bb{}\u00bb][et_pb_text _builder_version=\u00bb4.27.5&#8243; _module_preset=\u00bbdefault\u00bb header_text_align=\u00bbcenter\u00bb header_font_size=\u00bb3rem\u00bb hover_enabled=\u00bb0&#8243; global_colors_info=\u00bb{}\u00bb sticky_enabled=\u00bb0&#8243;]<\/p>\n<h1>Aviso Legal y Condiciones de Uso<\/h1>\n<p>[\/et_pb_text][\/et_pb_column][\/et_pb_row][\/et_pb_section][et_pb_section fb_built=\u00bb1&#8243; _builder_version=\u00bb4.16&#8243; global_colors_info=\u00bb{}\u00bb][et_pb_row _builder_version=\u00bb4.16&#8243; background_size=\u00bbinitial\u00bb background_position=\u00bbtop_left\u00bb background_repeat=\u00bbrepeat\u00bb global_colors_info=\u00bb{}\u00bb][et_pb_column type=\u00bb4_4&#8243; _builder_version=\u00bb4.16&#8243; custom_padding=\u00bb|||\u00bb global_colors_info=\u00bb{}\u00bb custom_padding__hover=\u00bb|||\u00bb][et_pb_text _builder_version=\u00bb4.16&#8243; background_size=\u00bbinitial\u00bb background_position=\u00bbtop_left\u00bb background_repeat=\u00bbrepeat\u00bb global_colors_info=\u00bb{}\u00bb]<\/p>\n<h2>1. Informaci\u00f3n Identificativa<\/h2>\n<p>En cumplimiento con el deber de informaci\u00f3n recogido en el art\u00edculo 10 de la Ley 34\/2002, de 11 de julio, de Servicios de la Sociedad de la Informaci\u00f3n y del Comercio Electr\u00f3nico, se detallan los siguientes datos:<\/p>\n<ul>\n<li><strong>Titular:<\/strong> Eva Esplugas<\/li>\n<li><strong>Correo electr\u00f3nico:<\/strong> <a href=\"mailto:eva@solucionsturistiques.cat\">eva@solucionsturistiques.cat<\/a><\/li>\n<li><strong>Actividad:<\/strong> Consultor\u00eda tur\u00edstica para empresas.<\/li>\n<\/ul>\n<h2>2. Usuarios<\/h2>\n<p>El acceso y\/o uso de este portal le atribuye la condici\u00f3n de <strong>USUARIO<\/strong>, que acepta, desde dicho acceso y\/o uso, las Condiciones Generales de Uso aqu\u00ed reflejadas.<\/p>\n<h2>3. Uso del Portal<\/h2>\n<p>solucionsturistiques.cat proporciona el acceso a informaciones, servicios o datos en Internet pertenecientes a Eva Esplugas. El USUARIO asume la responsabilidad del uso del portal. Dicha responsabilidad se extiende al registro o formulario de contacto necesario para acceder a determinados servicios.<\/p>\n<h2>4. Protecci\u00f3n de Datos<\/h2>\n<p>Como titular de esta web, te informo que los datos personales que facilites a trav\u00e9s del formulario de contacto ser\u00e1n tratados conforme al <strong>Reglamento General de Protecci\u00f3n de Datos (RGPD)<\/strong> y la <strong>LOPDGDD<\/strong>.<\/p>\n<ul>\n<li><strong>Finalidad:<\/strong> Atender tu solicitud de informaci\u00f3n o consulta.<\/li>\n<li><strong>Legitimaci\u00f3n:<\/strong> Tu consentimiento expreso al marcar la casilla de aceptaci\u00f3n.<\/li>\n<li><strong>Destinatarios:<\/strong> No se ceder\u00e1n datos a terceros, salvo obligaci\u00f3n legal.<\/li>\n<li><strong>Derechos:<\/strong> Puedes acceder, rectificar y suprimir tus datos enviando un email a eva@solucionsturistiques.cat.<\/li>\n<\/ul>\n<h2>5. Propiedad Intelectual<\/h2>\n<p>Eva Esplugas es titular de todos los derechos de propiedad intelectual e industrial de su p\u00e1gina web, as\u00ed como de los elementos contenidos en la misma (im\u00e1genes, textos, marcas o logotipos). Queda prohibida la reproducci\u00f3n, distribuci\u00f3n y comunicaci\u00f3n p\u00fablica de la totalidad o parte de los contenidos sin la autorizaci\u00f3n expresa de la titular.<\/p>\n<h2>6. Exclusi\u00f3n de Garant\u00edas y Responsabilidad<\/h2>\n<p>Eva Esplugas no se hace responsable, en ning\u00fan caso, de los da\u00f1os y perjuicios de cualquier naturaleza que pudieran ocasionar: errores u omisiones en los contenidos, falta de disponibilidad del portal o la transmisi\u00f3n de virus o programas maliciosos, a pesar de haber adoptado todas las medidas tecnol\u00f3gicas necesarias para evitarlo.<\/p>\n<h2>7. Legislaci\u00f3n Aplicable y Jurisdicci\u00f3n<\/h2>\n<p>La relaci\u00f3n entre Eva Esplugas y el USUARIO se regir\u00e1 por la normativa espa\u00f1ola vigente y cualquier controversia se someter\u00e1 a los Juzgados y tribunales de la ciudad de Matar\u00f3.[\/et_pb_text][\/et_pb_column][\/et_pb_row][\/et_pb_section]<\/p>\n","protected":false},"excerpt":{"rendered":"<p>Aviso Legal y Condiciones de Uso1. Informaci\u00f3n Identificativa En cumplimiento con el deber de informaci\u00f3n recogido en el art\u00edculo 10 de la Ley 34\/2002, de 11 de julio, de Servicios de la Sociedad de la Informaci\u00f3n y del Comercio Electr\u00f3nico, se detallan los siguientes datos: Titular: Eva Esplugas Correo electr\u00f3nico: eva@solucionsturistiques.cat Actividad: Consultor\u00eda tur\u00edstica para [&hellip;]<\/p>\n","protected":false},"author":1,"featured_media":0,"parent":0,"menu_order":0,"comment_status":"closed","ping_status":"closed","template":"","meta":{"_et_pb_use_builder":"on","_et_pb_old_content":"[et_pb_section][et_pb_row][et_pb_column type=\"4_4\"][et_pb_text]<h2>1. Informaci\u00f3n Identificativa<\/h2>\r\nEn cumplimiento con el deber de informaci\u00f3n recogido en el art\u00edculo 10 de la Ley 34\/2002, de 11 de julio, de Servicios de la Sociedad de la Informaci\u00f3n y del Comercio Electr\u00f3nico, se detallan los siguientes datos:\r\n<ul>\r\n \t<li><strong>Titular:<\/strong> Eva Esplugas<\/li>\r\n \t<li><strong>Correo electr\u00f3nico:<\/strong> <a href=\"mailto:eva@solucionsturistiques.cat\">eva@solucionsturistiques.cat<\/a><\/li>\r\n \t<li><strong>Actividad:<\/strong> Consultor\u00eda tur\u00edstica para empresas.<\/li>\r\n<\/ul>\r\n<h2>2. Usuarios<\/h2>\r\nEl acceso y\/o uso de este portal le atribuye la condici\u00f3n de <strong>USUARIO<\/strong>, que acepta, desde dicho acceso y\/o uso, las Condiciones Generales de Uso aqu\u00ed reflejadas.\r\n<h2>3. Uso del Portal<\/h2>\r\nsolucionsturistiques.cat proporciona el acceso a informaciones, servicios o datos en Internet pertenecientes a Eva Esplugas. El USUARIO asume la responsabilidad del uso del portal. Dicha responsabilidad se extiende al registro o formulario de contacto necesario para acceder a determinados servicios.\r\n<h2>4. Protecci\u00f3n de Datos<\/h2>\r\nComo titular de esta web, te informo que los datos personales que facilites a trav\u00e9s del formulario de contacto ser\u00e1n tratados conforme al <strong>Reglamento General de Protecci\u00f3n de Datos (RGPD)<\/strong> y la <strong>LOPDGDD<\/strong>.\r\n<ul>\r\n \t<li><strong>Finalidad:<\/strong> Atender tu solicitud de informaci\u00f3n o consulta.<\/li>\r\n \t<li><strong>Legitimaci\u00f3n:<\/strong> Tu consentimiento expreso al marcar la casilla de aceptaci\u00f3n.<\/li>\r\n \t<li><strong>Destinatarios:<\/strong> No se ceder\u00e1n datos a terceros, salvo obligaci\u00f3n legal.<\/li>\r\n \t<li><strong>Derechos:<\/strong> Puedes acceder, rectificar y suprimir tus datos enviando un email a eva@solucionsturistiques.cat.<\/li>\r\n<\/ul>\r\n<h2>5. Propiedad Intelectual<\/h2>\r\nEva Esplugas es titular de todos los derechos de propiedad intelectual e industrial de su p\u00e1gina web, as\u00ed como de los elementos contenidos en la misma (im\u00e1genes, textos, marcas o logotipos). Queda prohibida la reproducci\u00f3n, distribuci\u00f3n y comunicaci\u00f3n p\u00fablica de la totalidad o parte de los contenidos sin la autorizaci\u00f3n expresa de la titular.\r\n<h2>6. Exclusi\u00f3n de Garant\u00edas y Responsabilidad<\/h2>\r\nEva Esplugas no se hace responsable, en ning\u00fan caso, de los da\u00f1os y perjuicios de cualquier naturaleza que pudieran ocasionar: errores u omisiones en los contenidos, falta de disponibilidad del portal o la transmisi\u00f3n de virus o programas maliciosos, a pesar de haber adoptado todas las medidas tecnol\u00f3gicas necesarias para evitarlo.\r\n<h2>7. Legislaci\u00f3n Aplicable y Jurisdicci\u00f3n<\/h2>\r\nLa relaci\u00f3n entre Eva Esplugas y el USUARIO se regir\u00e1 por la normativa espa\u00f1ola vigente y cualquier controversia se someter\u00e1 a los Juzgados y tribunales de la ciudad de Matar\u00f3.[\/et_pb_text][\/et_pb_column][\/et_pb_row][\/et_pb_section]","_et_gb_content_width":"","footnotes":""},"class_list":["post-561","page","type-page","status-publish","hentry"],"_links":{"self":[{"href":"https:\/\/solucionsturistiques.cat\/es\/wp-json\/wp\/v2\/pages\/561","targetHints":{"allow":["GET"]}}],"collection":[{"href":"https:\/\/solucionsturistiques.cat\/es\/wp-json\/wp\/v2\/pages"}],"about":[{"href":"https:\/\/solucionsturistiques.cat\/es\/wp-json\/wp\/v2\/types\/page"}],"author":[{"embeddable":true,"href":"https:\/\/solucionsturistiques.cat\/es\/wp-json\/wp\/v2\/users\/1"}],"replies":[{"embeddable":true,"href":"https:\/\/solucionsturistiques.cat\/es\/wp-json\/wp\/v2\/comments?post=561"}],"version-history":[{"count":4,"href":"https:\/\/solucionsturistiques.cat\/es\/wp-json\/wp\/v2\/pages\/561\/revisions"}],"predecessor-version":[{"id":608,"href":"https:\/\/solucionsturistiques.cat\/es\/wp-json\/wp\/v2\/pages\/561\/revisions\/608"}],"wp:attachment":[{"href":"https:\/\/solucionsturistiques.cat\/es\/wp-json\/wp\/v2\/media?parent=561"}],"curies":[{"name":"wp","href":"https:\/\/api.w.org\/{rel}","templated":true}]}}